{"id":525,"date":"2023-06-13T13:48:50","date_gmt":"2023-06-13T11:48:50","guid":{"rendered":"https:\/\/csakakali.hu\/a-hazon-tul\/"},"modified":"2024-07-23T10:37:29","modified_gmt":"2024-07-23T08:37:29","slug":"beyond-the-house","status":"publish","type":"page","link":"https:\/\/csakakali.hu\/en\/beyond-the-house\/","title":{"rendered":"Beyond the house"},"content":{"rendered":"<p>[et_pb_section fb_built=&#8221;1&#8243; _builder_version=&#8221;4.25.1&#8243; _module_preset=&#8221;default&#8221; background_image=&#8221;https:\/\/csakakali.hu\/wp-content\/uploads\/2024\/06\/Csakakali-borito-6.jpg&#8221; custom_margin=&#8221;0px||0px||false|false&#8221; custom_padding=&#8221;0px||0px||false|false&#8221; global_colors_info=&#8221;{}&#8221;][et_pb_row use_custom_gutter=&#8221;on&#8221; gutter_width=&#8221;1&#8243; _builder_version=&#8221;4.21.0&#8243; _module_preset=&#8221;default&#8221; use_background_color_gradient=&#8221;on&#8221; background_color_gradient_direction=&#8221;-135deg&#8221; background_color_gradient_stops=&#8221;rgba(39,170,225,0.6) 0%|rgba(0,59,108,0.7) 100%&#8221; width=&#8221;100%&#8221; max_width=&#8221;2560px&#8221; custom_margin=&#8221;0px||0px||false|false&#8221; custom_padding=&#8221;50px||40px||false|false&#8221; animation_style=&#8221;fade&#8221; animation_duration=&#8221;1500ms&#8221; global_colors_info=&#8221;{}&#8221;][et_pb_column type=&#8221;4_4&#8243; _builder_version=&#8221;4.21.0&#8243; _module_preset=&#8221;default&#8221; global_colors_info=&#8221;{}&#8221;][et_pb_text _builder_version=&#8221;4.25.1&#8243; _module_preset=&#8221;default&#8221; text_font=&#8221;Roboto Slab||||||||&#8221; text_text_color=&#8221;#FFFFFF&#8221; text_font_size=&#8221;36px&#8221; text_orientation=&#8221;center&#8221; custom_margin=&#8221;||50px||false|false&#8221; global_colors_info=&#8221;{}&#8221;]<\/p>\n<p>Beyond the house<\/p>\n<p>[\/et_pb_text][\/et_pb_column][\/et_pb_row][\/et_pb_section][et_pb_section fb_built=&#8221;1&#8243; _builder_version=&#8221;4.21.0&#8243; _module_preset=&#8221;default&#8221; background_image=&#8221;https:\/\/csakakali.hu\/wp-content\/uploads\/2023\/06\/background-3.jpg&#8221; global_colors_info=&#8221;{}&#8221;][et_pb_row column_structure=&#8221;1_2,1_2&#8243; _builder_version=&#8221;4.21.0&#8243; _module_preset=&#8221;default&#8221; global_colors_info=&#8221;{}&#8221;][et_pb_column type=&#8221;1_2&#8243; _builder_version=&#8221;4.21.0&#8243; _module_preset=&#8221;default&#8221; global_colors_info=&#8221;{}&#8221;][et_pb_text _builder_version=&#8221;4.25.1&#8243; _module_preset=&#8221;default&#8221; text_font_size=&#8221;16px&#8221; text_orientation=&#8221;justified&#8221; hover_enabled=&#8221;0&#8243; global_colors_info=&#8221;{}&#8221; sticky_enabled=&#8221;0&#8243;]<\/p>\n<p><span>Although time passes easily in the house and in the garden, the temptations of the surroundings beckon travelers.<\/span><\/p>\n<p><span>Below the house is the Mecca of sailors and beachgoers: the \u201cHungarian sea.\u201d In the other direction is the runners\u2019, cyclists\u2019 and hikers\u2019 paradise: the wilderness of the Balaton highlands. Both are just a stone&#8217;s throw away.<\/span><\/p>\n<p><span>For those seeking extra activity, the nearby equestrian center provides lessons and tours. The Balaton bike path, the soccer field and the fitness park also serve as active family outings.<\/span><\/p>\n<p>[\/et_pb_text][\/et_pb_column][et_pb_column type=&#8221;1_2&#8243; _builder_version=&#8221;4.21.0&#8243; _module_preset=&#8221;default&#8221; global_colors_info=&#8221;{}&#8221;][et_pb_text _builder_version=&#8221;4.25.1&#8243; _module_preset=&#8221;default&#8221; text_font_size=&#8221;16px&#8221; text_orientation=&#8221;justified&#8221; hover_enabled=&#8221;0&#8243; global_colors_info=&#8221;{}&#8221; sticky_enabled=&#8221;0&#8243;]<\/p>\n<p><span>Additionally, Akali&#8217;s best-equipped grocery store, farmer\u2019s market, ice cream parlor, restaurants and a pizzeria are all within walking distance. <\/span><\/p>\n<p><span>Strolling around the charming streets of the village, lined with historic houses and imbued with the preserved atmosphere of old times, it is easy to fall in love with the region. The church signaling the passage of time with its bell, the lovely little outdoor stage which opens up a unique panorama to curious walkers, the soda shop, and the bicycle repair shop are among the local treasures that will bewitch you.<\/span><\/p>\n<p>[\/et_pb_text][\/et_pb_column][\/et_pb_row][et_pb_row column_structure=&#8221;1_3,1_3,1_3&#8243; _builder_version=&#8221;4.21.0&#8243; _module_preset=&#8221;default&#8221; global_colors_info=&#8221;{}&#8221;][et_pb_column type=&#8221;1_3&#8243; _builder_version=&#8221;4.21.0&#8243; _module_preset=&#8221;default&#8221; global_colors_info=&#8221;{}&#8221;][et_pb_image src=&#8221;https:\/\/csakakali.hu\/wp-content\/uploads\/2023\/06\/Balaton-3.jpg&#8221; title_text=&#8221;Young family with little child riding bicycles on road in village in summer.&#8221; _builder_version=&#8221;4.21.0&#8243; _module_preset=&#8221;default&#8221; animation_style=&#8221;fade&#8221; animation_delay=&#8221;250ms&#8221; box_shadow_style=&#8221;preset2&#8243; global_colors_info=&#8221;{}&#8221;][\/et_pb_image][\/et_pb_column][et_pb_column type=&#8221;1_3&#8243; _builder_version=&#8221;4.21.0&#8243; _module_preset=&#8221;default&#8221; global_colors_info=&#8221;{}&#8221;][et_pb_image src=&#8221;https:\/\/csakakali.hu\/wp-content\/uploads\/2023\/06\/Balaton-1-1.jpg&#8221; title_text=&#8221;Colorful sunset at lake Balaton i&#8221; _builder_version=&#8221;4.21.0&#8243; _module_preset=&#8221;default&#8221; animation_style=&#8221;fade&#8221; animation_delay=&#8221;500ms&#8221; box_shadow_style=&#8221;preset2&#8243; global_colors_info=&#8221;{}&#8221;][\/et_pb_image][\/et_pb_column][et_pb_column type=&#8221;1_3&#8243; _builder_version=&#8221;4.21.0&#8243; _module_preset=&#8221;default&#8221; global_colors_info=&#8221;{}&#8221;][et_pb_image src=&#8221;https:\/\/csakakali.hu\/wp-content\/uploads\/2023\/06\/Balaton-2.jpg&#8221; title_text=&#8221;Little girl with mother hugging outdoors at community farmers market.&#8221; _builder_version=&#8221;4.21.0&#8243; _module_preset=&#8221;default&#8221; animation_style=&#8221;fade&#8221; animation_delay=&#8221;750ms&#8221; box_shadow_style=&#8221;preset2&#8243; global_colors_info=&#8221;{}&#8221;][\/et_pb_image][\/et_pb_column][\/et_pb_row][\/et_pb_section][et_pb_section fb_built=&#8221;1&#8243; _builder_version=&#8221;4.25.1&#8243; _module_preset=&#8221;default&#8221; use_background_color_gradient=&#8221;on&#8221; background_color_gradient_stops=&#8221;rgba(39,170,225,0.85) 0%|rgba(0,59,108,0.85) 99%&#8221; background_color_gradient_overlays_image=&#8221;on&#8221; background_image=&#8221;https:\/\/csakakali.hu\/wp-content\/uploads\/2024\/06\/Csakakali-54.jpg&#8221; global_colors_info=&#8221;{}&#8221;][et_pb_row _builder_version=&#8221;4.21.0&#8243; _module_preset=&#8221;default&#8221; global_colors_info=&#8221;{}&#8221;][et_pb_column type=&#8221;4_4&#8243; _builder_version=&#8221;4.21.0&#8243; _module_preset=&#8221;default&#8221; global_colors_info=&#8221;{}&#8221;][et_pb_text _builder_version=&#8221;4.25.1&#8243; _module_preset=&#8221;default&#8221; text_text_color=&#8221;#FFFFFF&#8221; text_font_size=&#8221;22px&#8221; text_orientation=&#8221;center&#8221; hover_enabled=&#8221;0&#8243; global_colors_info=&#8221;{}&#8221; sticky_enabled=&#8221;0&#8243;]<\/p>\n<p><span>Looking for accommodation at Lake Balaton? Choose us!<\/span><\/p>\n<p>[\/et_pb_text][et_pb_button button_url=&#8221;https:\/\/csakakali.hu\/en\/#foglalas&#8221; button_text=&#8221;See availability&#8221; button_alignment=&#8221;center&#8221; _builder_version=&#8221;4.25.1&#8243; _module_preset=&#8221;default&#8221; custom_button=&#8221;on&#8221; button_text_size=&#8221;18px&#8221; button_text_color=&#8221;#FFFFFF&#8221; button_bg_color=&#8221;#003b6c&#8221; button_border_width=&#8221;2px&#8221; button_border_radius=&#8221;0px&#8221; button_letter_spacing=&#8221;1px&#8221; button_font=&#8221;|600||on|||||&#8221; button_icon=&#8221;&#x39;||divi||400&#8243; hover_enabled=&#8221;0&#8243; box_shadow_style=&#8221;preset2&#8243; global_colors_info=&#8221;{}&#8221; button_border_width__hover_enabled=&#8221;on|hover&#8221; button_border_width__hover=&#8221;2px&#8221; sticky_enabled=&#8221;0&#8243;][\/et_pb_button][\/et_pb_column][\/et_pb_row][\/et_pb_section][et_pb_section fb_built=&#8221;1&#8243; _builder_version=&#8221;4.21.0&#8243; _module_preset=&#8221;default&#8221; global_colors_info=&#8221;{}&#8221;][et_pb_row _builder_version=&#8221;4.21.0&#8243; _module_preset=&#8221;default&#8221; global_colors_info=&#8221;{}&#8221;][et_pb_column type=&#8221;4_4&#8243; _builder_version=&#8221;4.21.0&#8243; _module_preset=&#8221;default&#8221; global_colors_info=&#8221;{}&#8221;][et_pb_text _builder_version=&#8221;4.25.1&#8243; _module_preset=&#8221;default&#8221; text_font=&#8221;Roboto Slab||||||||&#8221; text_text_color=&#8221;#27aae1&#8243; text_font_size=&#8221;36px&#8221; text_orientation=&#8221;center&#8221; hover_enabled=&#8221;0&#8243; global_colors_info=&#8221;{}&#8221; sticky_enabled=&#8221;0&#8243;]<\/p>\n<p>Distances<\/p>\n<p>[\/et_pb_text][\/et_pb_column][\/et_pb_row][et_pb_row column_structure=&#8221;1_2,1_2&#8243; _builder_version=&#8221;4.21.0&#8243; _module_preset=&#8221;default&#8221; global_colors_info=&#8221;{}&#8221;][et_pb_column type=&#8221;1_2&#8243; _builder_version=&#8221;4.21.0&#8243; _module_preset=&#8221;default&#8221; global_colors_info=&#8221;{}&#8221;][et_pb_text _builder_version=&#8221;4.25.1&#8243; _module_preset=&#8221;default&#8221; text_font=&#8221;Roboto Slab||||||||&#8221; text_text_color=&#8221;#003b6c&#8221; text_font_size=&#8221;22px&#8221; text_line_height=&#8221;1.2em&#8221; hover_enabled=&#8221;0&#8243; global_colors_info=&#8221;{}&#8221; sticky_enabled=&#8221;0&#8243;]<\/p>\n<p>How far is&#8230;<\/p>\n<p>[\/et_pb_text][et_pb_text _builder_version=&#8221;4.25.1&#8243; _module_preset=&#8221;default&#8221; text_font_size=&#8221;16px&#8221; text_orientation=&#8221;justified&#8221; hover_enabled=&#8221;0&#8243; global_colors_info=&#8221;{}&#8221; sticky_enabled=&#8221;0&#8243;]<\/p>\n<p><span style=\"color: #27aae1;\">\u00bb<\/span> Balatonakali Beach: 450 meters \u2013 5-7 min walk\/3 min by bike <br \/><span style=\"color: #27aae1;\">\u00bb<\/span> Nearest restaurant and pastry shop\/cafe (F\u00c9K restaurant) \u2013 250 meters (open all year round)<br \/><span style=\"color: #27aae1;\">\u00bb<\/span> Pizzeria: 450 meters \u2013 5-7 min walk\/3 min by bike (closed in winter)<br \/><span style=\"color: #27aae1;\">\u00bb<\/span> Small grocery store: 130 meters<br \/><span style=\"color: #27aae1;\">\u00bb<\/span> Larger grocery store: 250 meters (open all year round)<br \/><span style=\"color: #27aae1;\">\u00bb<\/span> Tobacco shop: 250 meters<br \/><span style=\"color: #27aae1;\">\u00bb<\/span> Hardware\/fishing store: 550 meters<br \/><span style=\"color: #27aae1;\">\u00bb<\/span> Sports field: 300 meters<br \/><span style=\"color: #27aae1;\">\u00bb<\/span> Outdoor fitness court: 700 meters<br \/><span style=\"color: #27aae1;\">\u00bb<\/span> Playgrounds: 700 meters and 1km<br \/><span style=\"color: #27aae1;\">\u00bb<\/span> Bus stop: 500 meters \u2013 6 min walk<br \/><span style=\"color: #27aae1;\">\u00bb<\/span> Railway station: 800 meters \u2013 10 min walk<br \/><span style=\"color: #27aae1;\">\u00bb<\/span> Ship station: 1,3 km \u2013 15 min walk<br \/><span style=\"color: #27aae1;\">\u00bb<\/span> Open-air stage: 550 meters<br \/><span style=\"color: #27aae1;\">\u00bb<\/span> Open-air movie theater: 750 meters<\/p>\n<p>[\/et_pb_text][\/et_pb_column][et_pb_column type=&#8221;1_2&#8243; _builder_version=&#8221;4.21.0&#8243; _module_preset=&#8221;default&#8221; global_colors_info=&#8221;{}&#8221;][et_pb_text _builder_version=&#8221;4.25.1&#8243; _module_preset=&#8221;default&#8221; text_font=&#8221;Roboto Slab||||||||&#8221; text_text_color=&#8221;#003b6c&#8221; text_font_size=&#8221;22px&#8221; text_line_height=&#8221;1.2em&#8221; hover_enabled=&#8221;0&#8243; global_colors_info=&#8221;{}&#8221; sticky_enabled=&#8221;0&#8243;]<\/p>\n<p>How far is it by car&#8230;<\/p>\n<p>[\/et_pb_text][et_pb_text _builder_version=&#8221;4.25.1&#8243; _module_preset=&#8221;default&#8221; text_font_size=&#8221;16px&#8221; text_orientation=&#8221;justified&#8221; hover_enabled=&#8221;0&#8243; global_colors_info=&#8221;{}&#8221; sticky_enabled=&#8221;0&#8243;]<\/p>\n<p><span style=\"color: #27aae1;\">\u00bb<\/span> Balatonf\u00fcred: 16 minutes<br \/><span style=\"color: #27aae1;\">\u00bb<\/span> TESCO, ALDI, pharmacy (Balatonf\u00fcred): 16 minutes<br \/><span style=\"color: #27aae1;\">\u00bb<\/span> Tihany: 13 minutes<br \/><span style=\"color: #27aae1;\">\u00bb<\/span> K\u00e1li-medence\/K\u00e1li-basin: 15 minutes<br \/><span style=\"color: #27aae1;\">\u00bb<\/span> MI A K\u0150, Mandilla, K\u0151vir\u00e1g etc. restaurants (K\u00f6vesk\u00e1l): 15 minutes<br \/><span style=\"color: #27aae1;\">\u00bb<\/span> Neked F\u0151ztem \u00e9tterem (Z\u00e1nka): 8 minutes<br \/><span style=\"color: #27aae1;\">\u00bb<\/span> Levendarium D\u00f6rgicse: 8 minutes<br \/><span style=\"color: #27aae1;\">\u00bb<\/span> D\u00f6rgicse: 7 minutes<br \/><span style=\"color: #27aae1;\">\u00bb<\/span> Kinizsi castle in Nagyv\u00e1zsony: 17 minutes<br \/><span style=\"color: #27aae1;\">\u00bb<\/span> Veszpr\u00e9m (castle, zoo, restaurants, etc.): 35 minutes<br \/><span style=\"color: #27aae1;\">\u00bb<\/span> Budapest: 140 km, approximately 1 hour and 45 minutes (depending on traffic)<\/p>\n<p>[\/et_pb_text][\/et_pb_column][\/et_pb_row][\/et_pb_section]<\/p>\n","protected":false},"excerpt":{"rendered":"<p>Beyond the houseAlthough time passes easily in the house and in the garden, the temptations of the surroundings beckon travelers. Below the house is the Mecca of sailors and beachgoers: the \u201cHungarian sea.\u201d In the other direction is the runners\u2019, cyclists\u2019 and hikers\u2019 paradise: the wilderness of the Balaton highlands. Both are just a stone&#8217;s [&hellip;]<\/p>\n","protected":false},"author":1,"featured_media":0,"parent":0,"menu_order":0,"comment_status":"closed","ping_status":"closed","template":"","meta":{"_et_pb_use_builder":"on","_et_pb_old_content":"","_et_gb_content_width":"","footnotes":""},"class_list":["post-525","page","type-page","status-publish","hentry"],"_links":{"self":[{"href":"https:\/\/csakakali.hu\/en\/wp-json\/wp\/v2\/pages\/525","targetHints":{"allow":["GET"]}}],"collection":[{"href":"https:\/\/csakakali.hu\/en\/wp-json\/wp\/v2\/pages"}],"about":[{"href":"https:\/\/csakakali.hu\/en\/wp-json\/wp\/v2\/types\/page"}],"author":[{"embeddable":true,"href":"https:\/\/csakakali.hu\/en\/wp-json\/wp\/v2\/users\/1"}],"replies":[{"embeddable":true,"href":"https:\/\/csakakali.hu\/en\/wp-json\/wp\/v2\/comments?post=525"}],"version-history":[{"count":5,"href":"https:\/\/csakakali.hu\/en\/wp-json\/wp\/v2\/pages\/525\/revisions"}],"predecessor-version":[{"id":558,"href":"https:\/\/csakakali.hu\/en\/wp-json\/wp\/v2\/pages\/525\/revisions\/558"}],"wp:attachment":[{"href":"https:\/\/csakakali.hu\/en\/wp-json\/wp\/v2\/media?parent=525"}],"curies":[{"name":"wp","href":"https:\/\/api.w.org\/{rel}","templated":true}]}}